{"id":9,"date":"2026-04-23T08:13:02","date_gmt":"2026-04-23T08:13:02","guid":{"rendered":"https:\/\/elektrifikacija.lt\/?page_id=9"},"modified":"2026-04-23T08:13:02","modified_gmt":"2026-04-23T08:13:02","slug":"elektrifikacijos-paslaugos","status":"publish","type":"page","link":"https:\/\/elektrifikacija.lt\/","title":{"rendered":"Elektrifikacijos paslaugos"},"content":{"rendered":"\n<p class=\"is-style-default\">Atsinaujiname\u2026 \u0160iek tiek luktel\u0117kite.<br><br><br><strong>Elektrifikacijos paslaugos, UAB<\/strong><br>\u012emon\u0117s kodas: 300014907<br>PVM mok. kodas: LT100000947118<br>A\/S: LT617300010083488701<br>Bankas: AB \u201eSwedbankas\u201c<\/p>\n\n\n\n<p><strong>Registracijos adresas:<\/strong>&nbsp;Anso Lymanto g. 7,<br>LT-96173, &nbsp;Daupar\u0173 km. &nbsp;Klaip\u0117dos raj.<\/p>\n\n\n\n<p class=\"is-style-default\"><strong>Buvein\u0117s adresas:<\/strong>\u00a0\u0160ilut\u0117s pl.107,<br>LT-95112\u00a0Klaip\u0117da<\/p>\n\n\n\n<div class=\"wp-block-group is-layout-grid wp-container-core-group-is-layout-bae6891b wp-block-group-is-layout-grid\">\n<p class=\"has-medium-font-size\"><strong>Direktorius<\/strong><br><strong>Aivaras Pranauskas<\/strong><br>Tel..: +370-46-300893<br>Mob.+370-688-15632<br>aivaras@elektrifikacija.lt<\/p>\n\n\n\n<p class=\"has-medium-font-size wp-container-content-98e6c26e\"><strong>Administrator\u0117<\/strong><br><strong>Ina Stanien\u0117<br><\/strong>Tel..: +370-46-346120<br>Fax. +370-46-300892<br>Mob.+370-610-31428<br>info@elektrifikacija.lt<\/p>\n<\/div>\n\n\n\n<p><\/p>\n","protected":false},"excerpt":{"rendered":"<p>Atsinaujiname\u2026 \u0160iek tiek luktel\u0117kite. Elektrifikacijos paslaugos, UAB\u012emon\u0117s kodas: 300014907PVM mok. kodas: LT100000947118A\/S: LT617300010083488701Bankas: AB \u201eSwedbankas\u201c Registracijos adresas:&nbsp;Anso Lymanto g. 7,LT-96173, &nbsp;Daupar\u0173 km. &nbsp;Klaip\u0117dos raj. Buvein\u0117s adresas:\u00a0\u0160ilut\u0117s pl.107,LT-95112\u00a0Klaip\u0117da DirektoriusAivaras PranauskasTel..: +370-46-300893Mob.+370-688-15632aivaras@elektrifikacija.lt Administrator\u0117Ina Stanien\u0117Tel..: +370-46-346120Fax. +370-46-300892Mob.+370-610-31428info@elektrifikacija.lt<\/p>\n","protected":false},"author":1,"featured_media":0,"parent":0,"menu_order":0,"comment_status":"closed","ping_status":"closed","template":"","meta":{"footnotes":""},"class_list":["post-9","page","type-page","status-publish","hentry"],"_links":{"self":[{"href":"https:\/\/elektrifikacija.lt\/index.php?rest_route=\/wp\/v2\/pages\/9","targetHints":{"allow":["GET"]}}],"collection":[{"href":"https:\/\/elektrifikacija.lt\/index.php?rest_route=\/wp\/v2\/pages"}],"about":[{"href":"https:\/\/elektrifikacija.lt\/index.php?rest_route=\/wp\/v2\/types\/page"}],"author":[{"embeddable":true,"href":"https:\/\/elektrifikacija.lt\/index.php?rest_route=\/wp\/v2\/users\/1"}],"replies":[{"embeddable":true,"href":"https:\/\/elektrifikacija.lt\/index.php?rest_route=%2Fwp%2Fv2%2Fcomments&post=9"}],"version-history":[{"count":1,"href":"https:\/\/elektrifikacija.lt\/index.php?rest_route=\/wp\/v2\/pages\/9\/revisions"}],"predecessor-version":[{"id":10,"href":"https:\/\/elektrifikacija.lt\/index.php?rest_route=\/wp\/v2\/pages\/9\/revisions\/10"}],"wp:attachment":[{"href":"https:\/\/elektrifikacija.lt\/index.php?rest_route=%2Fwp%2Fv2%2Fmedia&parent=9"}],"curies":[{"name":"wp","href":"https:\/\/api.w.org\/{rel}","templated":true}]}}